{"id":29414,"date":"2021-10-12T16:27:24","date_gmt":"2021-10-12T16:27:24","guid":{"rendered":"https:\/\/www.biyetex.com\/iletisim\/"},"modified":"2025-05-05T06:56:43","modified_gmt":"2025-05-05T06:56:43","slug":"contact-us","status":"publish","type":"page","link":"https:\/\/www.biyetex.com\/en\/contact-us\/","title":{"rendered":"contact us"},"content":{"rendered":"\t\t<div data-elementor-type=\"wp-page\" data-elementor-id=\"29414\" class=\"elementor elementor-29414 elementor-4439\">\n\t\t\t\t<div class=\"elementor-element elementor-element-68d0e93 wd-section-stretch-content e-flex e-con-boxed e-con e-parent\" data-id=\"68d0e93\" data-element_type=\"container\">\n\t\t\t\t\t<div class=\"e-con-inner\">\n\t\t\t\t<div class=\"elementor-element elementor-element-fc7465c elementor-widget elementor-widget-google_maps\" data-id=\"fc7465c\" data-element_type=\"widget\" data-widget_type=\"google_maps.default\">\n\t\t\t\t<div class=\"elementor-widget-container\">\n\t\t\t\t\t\t\t<div class=\"elementor-custom-embed\">\n\t\t\t<iframe loading=\"lazy\"\n\t\t\t\t\tsrc=\"https:\/\/maps.google.com\/maps?q=2469%2B3Q%20%C3%9Cmraniye%2C%20%C4%B0stanbul&#038;t=m&#038;z=15&#038;output=embed&#038;iwloc=near\"\n\t\t\t\t\ttitle=\"2469+3Q \u00dcmraniye, \u0130stanbul\"\n\t\t\t\t\taria-label=\"2469+3Q \u00dcmraniye, \u0130stanbul\"\n\t\t\t><\/iframe>\n\t\t<\/div>\n\t\t\t\t\t\t<\/div>\n\t\t\t\t<\/div>\n\t\t\t\t\t<\/div>\n\t\t\t\t<\/div>\n\t\t<div class=\"wd-negative-gap elementor-element elementor-element-cb322d0 e-flex e-con-boxed e-con e-parent\" data-id=\"cb322d0\" data-element_type=\"container\">\n\t\t\t\t\t<div class=\"e-con-inner\">\n\t\t<div class=\"elementor-element elementor-element-789122a e-con-full e-flex e-con e-child\" data-id=\"789122a\" data-element_type=\"container\">\n\t\t\t\t<div class=\"elementor-element elementor-element-775ddc4 wd-width-100 elementor-widget elementor-widget-wd_title\" data-id=\"775ddc4\" data-element_type=\"widget\" data-widget_type=\"wd_title.default\">\n\t\t\t\t<div class=\"elementor-widget-container\">\n\t\t\t\t\t\t\t<div class=\"title-wrapper wd-set-mb reset-last-child wd-title-color-default wd-title-style-default wd-title-size-default text-left\">\n\n\t\t\t\t\t\t\t\t\t\t\t<div class=\"title-subtitle subtitle-color-default subtitle-style-default wd-fontsize-xs\">\n\t\t\t\t\t\u0130LET\u0130\u015e\u0130M\t\t\t\t<\/div>\n\t\t\t\n\t\t\t<div class=\"liner-continer\">\n\t\t\t\t<h4 class=\"woodmart-title-container title wd-fontsize-l\">B\u0130Z\u0130MLE \u0130LET\u0130\u015e\u0130ME GE\u00c7\u0130N<\/h4> \n\t\t\t\t\t\t\t<\/div>\n\n\t\t\t\t\t<\/div>\n\t\t\t\t\t\t<\/div>\n\t\t\t\t<\/div>\n\t\t\t\t<div class=\"elementor-element elementor-element-3c67846 elementor-widget elementor-widget-wd_contact_form_7\" data-id=\"3c67846\" data-element_type=\"widget\" data-widget_type=\"wd_contact_form_7.default\">\n\t\t\t\t<div class=\"elementor-widget-container\">\n\t\t\t\t\t\n<div class=\"wpcf7 no-js\" id=\"wpcf7-f11-o1\" lang=\"tr-TR\" dir=\"ltr\" data-wpcf7-id=\"11\">\n<div class=\"screen-reader-response\"><p role=\"status\" aria-live=\"polite\" aria-atomic=\"true\"><\/p> <ul><\/ul><\/div>\n<form action=\"\/en\/wp-json\/wp\/v2\/pages\/29414#wpcf7-f11-o1\" method=\"post\" class=\"wpcf7-form init\" aria-label=\"\u0130leti\u015fim Formu\" novalidate=\"novalidate\" data-status=\"init\">\n<div style=\"display: none;\">\n<input type=\"hidden\" name=\"_wpcf7\" value=\"11\" \/>\n<input type=\"hidden\" name=\"_wpcf7_version\" value=\"6.0.6\" \/>\n<input type=\"hidden\" name=\"_wpcf7_locale\" value=\"tr_TR\" \/>\n<input type=\"hidden\" name=\"_wpcf7_unit_tag\" value=\"wpcf7-f11-o1\" \/>\n<input type=\"hidden\" name=\"_wpcf7_container_post\" value=\"0\" \/>\n<input type=\"hidden\" name=\"_wpcf7_posted_data_hash\" value=\"\" \/>\n<\/div>\n<div class=\"row\">\n\t<p class=\"col-md-6\"><label>Ad Soyad<\/label><span class=\"wpcf7-form-control-wrap\" data-name=\"your-name\"><input size=\"40\" maxlength=\"400\" class=\"wpcf7-form-control wpcf7-text wpcf7-validates-as-required\" aria-required=\"true\" aria-invalid=\"false\" value=\"\" type=\"text\" name=\"your-name\" \/><\/span>\n\t<\/p>\n\t<p class=\"col-md-6\"><label>E-Posta<\/label><span class=\"wpcf7-form-control-wrap\" data-name=\"your-email\"><input size=\"40\" maxlength=\"400\" class=\"wpcf7-form-control wpcf7-email wpcf7-validates-as-required wpcf7-text wpcf7-validates-as-email\" aria-required=\"true\" aria-invalid=\"false\" value=\"\" type=\"email\" name=\"your-email\" \/><\/span>\n\t<\/p>\n<\/div>\n<div class=\"row\">\n\t<p class=\"col-md-6\"><label>Telefon Numaras\u0131<\/label><span class=\"wpcf7-form-control-wrap\" data-name=\"tel-767\"><input size=\"40\" maxlength=\"400\" class=\"wpcf7-form-control wpcf7-tel wpcf7-text wpcf7-validates-as-tel\" aria-invalid=\"false\" value=\"\" type=\"tel\" name=\"tel-767\" \/><\/span>\n\t<\/p>\n\t<p class=\"col-md-6\"><label>Firma Ad\u0131<\/label><span class=\"wpcf7-form-control-wrap\" data-name=\"text-1\"><input size=\"40\" maxlength=\"400\" class=\"wpcf7-form-control wpcf7-text\" aria-invalid=\"false\" value=\"\" type=\"text\" name=\"text-1\" \/><\/span>\n\t<\/p>\n<\/div>\n<p><label>Mesaj\u0131n\u0131z<\/label><span class=\"wpcf7-form-control-wrap\" data-name=\"your-message\"><textarea cols=\"40\" rows=\"10\" maxlength=\"2000\" class=\"wpcf7-form-control wpcf7-textarea\" aria-invalid=\"false\" name=\"your-message\"><\/textarea><\/span>\n<\/p>\n<p><input class=\"wpcf7-form-control wpcf7-submit has-spinner btn-color-black\" type=\"submit\" value=\"G\u00f6nder\" \/>\n<\/p><div class=\"wpcf7-response-output\" aria-hidden=\"true\"><\/div>\n<\/form>\n<\/div>\n\t\t\t\t<\/div>\n\t\t\t\t<\/div>\n\t\t\t\t<\/div>\n\t\t\t\t\t<\/div>\n\t\t\t\t<\/div>\n\t\t<div class=\"elementor-element elementor-element-5145e18b e-con-full e-flex e-con e-parent\" data-id=\"5145e18b\" data-element_type=\"container\">\n\t\t\t\t<div class=\"elementor-element elementor-element-df11cd4 elementor-widget elementor-widget-wd_author_area\" data-id=\"df11cd4\" data-element_type=\"widget\" data-widget_type=\"wd_author_area.default\">\n\t\t\t\t<div class=\"elementor-widget-container\">\n\t\t\t\t\t\t\t<div class=\"author-area text-center color-scheme-light wd-set-mb reset-last-child\">\n\t\t\t\n\t\t\t\n\t\t\t\t\t\t\t<h4 class=\"author-name title\">\n\t\t\t\t\tAdres\t\t\t\t<\/h4>\n\t\t\t\n\t\t\t\t\t\t\t<div class=\"author-area-info\">\n\t\t\t\t\tSite Mahallesi Samanyolu Caddesi, Site, Kurban Sk. No:10\/A, 34764 \u00dcmraniye\/\u0130stanbul\t\t\t\t<\/div>\n\t\t\t\n\t\t\t\t\t\t\t<a  href=\"https:\/\/maps.app.goo.gl\/pX1TtegBL3VEXm3s5\" class=\"btn\">\n\t\t\t\t\tHaritalarda A\u00e7\t\t\t\t<\/a>\n\t\t\t\t\t<\/div>\n\t\t\t\t\t\t<\/div>\n\t\t\t\t<\/div>\n\t\t\t\t<\/div>\n\t\t\t\t<\/div>\n\t\t","protected":false},"excerpt":{"rendered":"<p>\u0130LET\u0130\u015e\u0130M B\u0130Z\u0130MLE \u0130LET\u0130\u015e\u0130ME GE\u00c7\u0130N Ad Soyad E-Posta Telefon Numaras\u0131 Firma Ad\u0131 Mesaj\u0131n\u0131z Adres Site Mahallesi Samanyolu Caddesi, Site, Kurban Sk.<\/p>\n","protected":false},"author":1,"featured_media":0,"parent":0,"menu_order":0,"comment_status":"closed","ping_status":"closed","template":"","meta":{"footnotes":""},"class_list":["post-29414","page","type-page","status-publish","hentry"],"yoast_head":"<!-- This site is optimized with the Yoast SEO plugin v25.1 - https:\/\/yoast.com\/wordpress\/plugins\/seo\/ -->\n<title>Biyetex | The Name of Quality Bias Tape Production and Trust<\/title>\n<meta name=\"description\" content=\"Biyetex, imalattan gelen deneyimiyle biye \u00fcretiminde istikrarl\u0131 kalite sunar.\" \/>\n<meta name=\"robots\" content=\"index, follow, max-snippet:-1, max-image-preview:large, max-video-preview:-1\" \/>\n<link rel=\"canonical\" href=\"https:\/\/www.biyetex.com\/en\/contact-us\/\" \/>\n<meta property=\"og:locale\" content=\"en_US\" \/>\n<meta property=\"og:type\" content=\"article\" \/>\n<meta property=\"og:title\" content=\"Biyetex | The Name of Quality Bias Tape Production and Trust\" \/>\n<meta property=\"og:description\" content=\"Biyetex, imalattan gelen deneyimiyle biye \u00fcretiminde istikrarl\u0131 kalite sunar.\" \/>\n<meta property=\"og:url\" content=\"https:\/\/www.biyetex.com\/en\/contact-us\/\" \/>\n<meta property=\"og:site_name\" content=\"Biyetex\" \/>\n<meta property=\"article:modified_time\" content=\"2025-05-05T06:56:43+00:00\" \/>\n<meta name=\"twitter:card\" content=\"summary_large_image\" \/>\n<meta name=\"twitter:label1\" content=\"Est. reading time\" \/>\n\t<meta name=\"twitter:data1\" content=\"1 minute\" \/>\n<script type=\"application\/ld+json\" class=\"yoast-schema-graph\">{\"@context\":\"https:\/\/schema.org\",\"@graph\":[{\"@type\":\"WebPage\",\"@id\":\"https:\/\/www.biyetex.com\/en\/contact-us\/\",\"url\":\"https:\/\/www.biyetex.com\/en\/contact-us\/\",\"name\":\"Biyetex | The Name of Quality Bias Tape Production and Trust\",\"isPartOf\":{\"@id\":\"https:\/\/www.biyetex.com\/en\/#website\"},\"datePublished\":\"2021-10-12T16:27:24+00:00\",\"dateModified\":\"2025-05-05T06:56:43+00:00\",\"description\":\"Biyetex, imalattan gelen deneyimiyle biye \u00fcretiminde istikrarl\u0131 kalite sunar.\",\"breadcrumb\":{\"@id\":\"https:\/\/www.biyetex.com\/en\/contact-us\/#breadcrumb\"},\"inLanguage\":\"en-US\",\"potentialAction\":[{\"@type\":\"ReadAction\",\"target\":[\"https:\/\/www.biyetex.com\/en\/contact-us\/\"]}]},{\"@type\":\"BreadcrumbList\",\"@id\":\"https:\/\/www.biyetex.com\/en\/contact-us\/#breadcrumb\",\"itemListElement\":[{\"@type\":\"ListItem\",\"position\":1,\"name\":\"Anasayfa\",\"item\":\"https:\/\/www.biyetex.com\/en\/\"},{\"@type\":\"ListItem\",\"position\":2,\"name\":\"contact us\"}]},{\"@type\":\"WebSite\",\"@id\":\"https:\/\/www.biyetex.com\/en\/#website\",\"url\":\"https:\/\/www.biyetex.com\/en\/\",\"name\":\"Biyetex\",\"description\":\"Types of Bias Tape from Manufacturing to Public\",\"publisher\":{\"@id\":\"https:\/\/www.biyetex.com\/en\/#organization\"},\"potentialAction\":[{\"@type\":\"SearchAction\",\"target\":{\"@type\":\"EntryPoint\",\"urlTemplate\":\"https:\/\/www.biyetex.com\/en\/?s={search_term_string}\"},\"query-input\":{\"@type\":\"PropertyValueSpecification\",\"valueRequired\":true,\"valueName\":\"search_term_string\"}}],\"inLanguage\":\"en-US\"},{\"@type\":\"Organization\",\"@id\":\"https:\/\/www.biyetex.com\/en\/#organization\",\"name\":\"Biyetex\",\"alternateName\":\"Biyeteks\",\"url\":\"https:\/\/www.biyetex.com\/en\/\",\"logo\":{\"@type\":\"ImageObject\",\"inLanguage\":\"en-US\",\"@id\":\"https:\/\/www.biyetex.com\/en\/#\/schema\/logo\/image\/\",\"url\":\"https:\/\/www.biyetex.com\/wp-content\/uploads\/2025\/04\/WhatsApp-Image-2025-04-22-at-23.12.47.jpeg\",\"contentUrl\":\"https:\/\/www.biyetex.com\/wp-content\/uploads\/2025\/04\/WhatsApp-Image-2025-04-22-at-23.12.47.jpeg\",\"width\":2048,\"height\":2048,\"caption\":\"Biyetex\"},\"image\":{\"@id\":\"https:\/\/www.biyetex.com\/en\/#\/schema\/logo\/image\/\"},\"sameAs\":[\"https:\/\/tr.pinterest.com\/Biyetex_\/\",\"https:\/\/www.instagram.com\/biyetex\/\"]}]}<\/script>\n<!-- \/ Yoast SEO plugin. -->","yoast_head_json":{"title":"Biyetex | The Name of Quality Bias Tape Production and Trust","description":"Biyetex, imalattan gelen deneyimiyle biye \u00fcretiminde istikrarl\u0131 kalite sunar.","robots":{"index":"index","follow":"follow","max-snippet":"max-snippet:-1","max-image-preview":"max-image-preview:large","max-video-preview":"max-video-preview:-1"},"canonical":"https:\/\/www.biyetex.com\/en\/contact-us\/","og_locale":"en_US","og_type":"article","og_title":"Biyetex | The Name of Quality Bias Tape Production and Trust","og_description":"Biyetex, imalattan gelen deneyimiyle biye \u00fcretiminde istikrarl\u0131 kalite sunar.","og_url":"https:\/\/www.biyetex.com\/en\/contact-us\/","og_site_name":"Biyetex","article_modified_time":"2025-05-05T06:56:43+00:00","twitter_card":"summary_large_image","twitter_misc":{"Est. reading time":"1 minute"},"schema":{"@context":"https:\/\/schema.org","@graph":[{"@type":"WebPage","@id":"https:\/\/www.biyetex.com\/en\/contact-us\/","url":"https:\/\/www.biyetex.com\/en\/contact-us\/","name":"Biyetex | The Name of Quality Bias Tape Production and Trust","isPartOf":{"@id":"https:\/\/www.biyetex.com\/en\/#website"},"datePublished":"2021-10-12T16:27:24+00:00","dateModified":"2025-05-05T06:56:43+00:00","description":"Biyetex, imalattan gelen deneyimiyle biye \u00fcretiminde istikrarl\u0131 kalite sunar.","breadcrumb":{"@id":"https:\/\/www.biyetex.com\/en\/contact-us\/#breadcrumb"},"inLanguage":"en-US","potentialAction":[{"@type":"ReadAction","target":["https:\/\/www.biyetex.com\/en\/contact-us\/"]}]},{"@type":"BreadcrumbList","@id":"https:\/\/www.biyetex.com\/en\/contact-us\/#breadcrumb","itemListElement":[{"@type":"ListItem","position":1,"name":"Anasayfa","item":"https:\/\/www.biyetex.com\/en\/"},{"@type":"ListItem","position":2,"name":"contact us"}]},{"@type":"WebSite","@id":"https:\/\/www.biyetex.com\/en\/#website","url":"https:\/\/www.biyetex.com\/en\/","name":"Biyetex","description":"Types of Bias Tape from Manufacturing to Public","publisher":{"@id":"https:\/\/www.biyetex.com\/en\/#organization"},"potentialAction":[{"@type":"SearchAction","target":{"@type":"EntryPoint","urlTemplate":"https:\/\/www.biyetex.com\/en\/?s={search_term_string}"},"query-input":{"@type":"PropertyValueSpecification","valueRequired":true,"valueName":"search_term_string"}}],"inLanguage":"en-US"},{"@type":"Organization","@id":"https:\/\/www.biyetex.com\/en\/#organization","name":"Biyetex","alternateName":"Biyeteks","url":"https:\/\/www.biyetex.com\/en\/","logo":{"@type":"ImageObject","inLanguage":"en-US","@id":"https:\/\/www.biyetex.com\/en\/#\/schema\/logo\/image\/","url":"https:\/\/www.biyetex.com\/wp-content\/uploads\/2025\/04\/WhatsApp-Image-2025-04-22-at-23.12.47.jpeg","contentUrl":"https:\/\/www.biyetex.com\/wp-content\/uploads\/2025\/04\/WhatsApp-Image-2025-04-22-at-23.12.47.jpeg","width":2048,"height":2048,"caption":"Biyetex"},"image":{"@id":"https:\/\/www.biyetex.com\/en\/#\/schema\/logo\/image\/"},"sameAs":["https:\/\/tr.pinterest.com\/Biyetex_\/","https:\/\/www.instagram.com\/biyetex\/"]}]}},"_links":{"self":[{"href":"https:\/\/www.biyetex.com\/en\/wp-json\/wp\/v2\/pages\/29414","targetHints":{"allow":["GET"]}}],"collection":[{"href":"https:\/\/www.biyetex.com\/en\/wp-json\/wp\/v2\/pages"}],"about":[{"href":"https:\/\/www.biyetex.com\/en\/wp-json\/wp\/v2\/types\/page"}],"author":[{"embeddable":true,"href":"https:\/\/www.biyetex.com\/en\/wp-json\/wp\/v2\/users\/1"}],"replies":[{"embeddable":true,"href":"https:\/\/www.biyetex.com\/en\/wp-json\/wp\/v2\/comments?post=29414"}],"version-history":[{"count":1,"href":"https:\/\/www.biyetex.com\/en\/wp-json\/wp\/v2\/pages\/29414\/revisions"}],"predecessor-version":[{"id":29415,"href":"https:\/\/www.biyetex.com\/en\/wp-json\/wp\/v2\/pages\/29414\/revisions\/29415"}],"wp:attachment":[{"href":"https:\/\/www.biyetex.com\/en\/wp-json\/wp\/v2\/media?parent=29414"}],"curies":[{"name":"wp","href":"https:\/\/api.w.org\/{rel}","templated":true}]}}