{"id":32173,"date":"2025-05-15T20:40:47","date_gmt":"2025-05-15T20:40:47","guid":{"rendered":"https:\/\/www.biyetex.com\/urun\/simli-biye-gumus\/"},"modified":"2025-05-16T14:08:11","modified_gmt":"2025-05-16T14:08:11","slug":"simli-biye-gumus","status":"publish","type":"product","link":"https:\/\/www.biyetex.com\/en\/urun\/simli-biye-gumus\/","title":{"rendered":"Glitter Bias Binding Tape Silver"},"content":{"rendered":"","protected":false},"excerpt":{"rendered":"<pre id=\"tw-target-text\" class=\"tw-data-text tw-text-large tw-ta\" dir=\"ltr\" data-placeholder=\"\u00c7eviri\" data-ved=\"2ahUKEwj6q5ntlKiNAxVVUaQEHepHEZUQ3ewLegQICRAV\" aria-label=\"\u00c7evrilmi\u015f metin: To give your textile products a beautiful look and give them stylish and aesthetic shapes, you can use quality and suitable bindings suitable for your material.\r\n\r\nProduct Information\r\n\r\nSimli Binding.\r\n\r\nAreas of Use\r\n\r\nCan be used in various textile, hobby and decoration areas.\"><span class=\"Y2IQFc\" lang=\"en\">To give your textile products a beautiful look and give them stylish and aesthetic shapes, you can use quality and suitable bindings suitable for your material.\r\n\r\nProduct Information\r\n\r\nGlitter Bias Binding Tape.\r\n\r\nAreas of Use\r\n\r\nCan be used in various textile, hobby and decoration areas.<\/span><\/pre>\n","protected":false},"featured_media":27957,"comment_status":"open","ping_status":"closed","template":"","meta":[],"product_brand":[],"product_cat":[292],"product_tag":[],"class_list":{"0":"post-32173","1":"product","2":"type-product","3":"status-publish","4":"has-post-thumbnail","6":"product_cat-glitter-bias-tape","8":"first","9":"instock","10":"virtual","11":"product-type-simple"},"yoast_head":"<!-- This site is optimized with the Yoast SEO plugin v25.1 - https:\/\/yoast.com\/wordpress\/plugins\/seo\/ -->\n<title>Glitter Bias Binding Tape Silver | Bias Binding Manufacturer |<\/title>\n<meta name=\"description\" content=\"Folded and bias tape neatly finishes fabric edges, providing durability and aesthetics, commonly used in garments and textile products.\" \/>\n<meta name=\"robots\" content=\"index, follow, max-snippet:-1, max-image-preview:large, max-video-preview:-1\" \/>\n<link rel=\"canonical\" href=\"https:\/\/www.biyetex.com\/en\/urun\/simli-biye-gumus\/\" \/>\n<meta property=\"og:locale\" content=\"en_US\" \/>\n<meta property=\"og:type\" content=\"article\" \/>\n<meta property=\"og:title\" content=\"Glitter Bias Binding Tape Silver | Bias Binding Manufacturer |\" \/>\n<meta property=\"og:description\" content=\"Folded and bias tape neatly finishes fabric edges, providing durability and aesthetics, commonly used in garments and textile products.\" \/>\n<meta property=\"og:url\" content=\"https:\/\/www.biyetex.com\/en\/urun\/simli-biye-gumus\/\" \/>\n<meta property=\"og:site_name\" content=\"Biyetex\" \/>\n<meta property=\"article:modified_time\" content=\"2025-05-16T14:08:11+00:00\" \/>\n<meta property=\"og:image\" content=\"https:\/\/www.biyetex.com\/wp-content\/uploads\/2025\/01\/66048835835c2-660488358bbf9.jpeg\" \/>\n\t<meta property=\"og:image:width\" content=\"1024\" \/>\n\t<meta property=\"og:image:height\" content=\"1024\" \/>\n\t<meta property=\"og:image:type\" content=\"image\/jpeg\" \/>\n<meta name=\"twitter:card\" content=\"summary_large_image\" \/>\n<meta name=\"twitter:label1\" content=\"Est. reading time\" \/>\n\t<meta name=\"twitter:data1\" content=\"1 minute\" \/>\n<script type=\"application\/ld+json\" class=\"yoast-schema-graph\">{\"@context\":\"https:\/\/schema.org\",\"@graph\":[{\"@type\":\"WebPage\",\"@id\":\"https:\/\/www.biyetex.com\/en\/urun\/simli-biye-gumus\/\",\"url\":\"https:\/\/www.biyetex.com\/en\/urun\/simli-biye-gumus\/\",\"name\":\"Glitter Bias Binding Tape Silver | Bias Binding Manufacturer |\",\"isPartOf\":{\"@id\":\"https:\/\/www.biyetex.com\/en\/#website\"},\"primaryImageOfPage\":{\"@id\":\"https:\/\/www.biyetex.com\/en\/urun\/simli-biye-gumus\/#primaryimage\"},\"image\":{\"@id\":\"https:\/\/www.biyetex.com\/en\/urun\/simli-biye-gumus\/#primaryimage\"},\"thumbnailUrl\":\"https:\/\/www.biyetex.com\/wp-content\/uploads\/2025\/01\/66048835835c2-660488358bbf9.jpeg\",\"datePublished\":\"2025-05-15T20:40:47+00:00\",\"dateModified\":\"2025-05-16T14:08:11+00:00\",\"description\":\"Folded and bias tape neatly finishes fabric edges, providing durability and aesthetics, commonly used in garments and textile products.\",\"breadcrumb\":{\"@id\":\"https:\/\/www.biyetex.com\/en\/urun\/simli-biye-gumus\/#breadcrumb\"},\"inLanguage\":\"en-US\",\"potentialAction\":[{\"@type\":\"ReadAction\",\"target\":[\"https:\/\/www.biyetex.com\/en\/urun\/simli-biye-gumus\/\"]}]},{\"@type\":\"ImageObject\",\"inLanguage\":\"en-US\",\"@id\":\"https:\/\/www.biyetex.com\/en\/urun\/simli-biye-gumus\/#primaryimage\",\"url\":\"https:\/\/www.biyetex.com\/wp-content\/uploads\/2025\/01\/66048835835c2-660488358bbf9.jpeg\",\"contentUrl\":\"https:\/\/www.biyetex.com\/wp-content\/uploads\/2025\/01\/66048835835c2-660488358bbf9.jpeg\",\"width\":1024,\"height\":1024,\"caption\":\"Simli Biye G\u00fcm\u00fc\u015f\"},{\"@type\":\"BreadcrumbList\",\"@id\":\"https:\/\/www.biyetex.com\/en\/urun\/simli-biye-gumus\/#breadcrumb\",\"itemListElement\":[{\"@type\":\"ListItem\",\"position\":1,\"name\":\"Anasayfa\",\"item\":\"https:\/\/www.biyetex.com\/en\/\"},{\"@type\":\"ListItem\",\"position\":2,\"name\":\"Products\",\"item\":\"https:\/\/www.biyetex.com\/en\/products\/\"},{\"@type\":\"ListItem\",\"position\":3,\"name\":\"Glitter Bias Binding Tape Silver\"}]},{\"@type\":\"WebSite\",\"@id\":\"https:\/\/www.biyetex.com\/en\/#website\",\"url\":\"https:\/\/www.biyetex.com\/en\/\",\"name\":\"Biyetex\",\"description\":\"Types of Bias Tape from Manufacturing to Public\",\"publisher\":{\"@id\":\"https:\/\/www.biyetex.com\/en\/#organization\"},\"potentialAction\":[{\"@type\":\"SearchAction\",\"target\":{\"@type\":\"EntryPoint\",\"urlTemplate\":\"https:\/\/www.biyetex.com\/en\/?s={search_term_string}\"},\"query-input\":{\"@type\":\"PropertyValueSpecification\",\"valueRequired\":true,\"valueName\":\"search_term_string\"}}],\"inLanguage\":\"en-US\"},{\"@type\":\"Organization\",\"@id\":\"https:\/\/www.biyetex.com\/en\/#organization\",\"name\":\"Biyetex\",\"alternateName\":\"Biyeteks\",\"url\":\"https:\/\/www.biyetex.com\/en\/\",\"logo\":{\"@type\":\"ImageObject\",\"inLanguage\":\"en-US\",\"@id\":\"https:\/\/www.biyetex.com\/en\/#\/schema\/logo\/image\/\",\"url\":\"https:\/\/www.biyetex.com\/wp-content\/uploads\/2025\/04\/WhatsApp-Image-2025-04-22-at-23.12.47.jpeg\",\"contentUrl\":\"https:\/\/www.biyetex.com\/wp-content\/uploads\/2025\/04\/WhatsApp-Image-2025-04-22-at-23.12.47.jpeg\",\"width\":2048,\"height\":2048,\"caption\":\"Biyetex\"},\"image\":{\"@id\":\"https:\/\/www.biyetex.com\/en\/#\/schema\/logo\/image\/\"},\"sameAs\":[\"https:\/\/tr.pinterest.com\/Biyetex_\/\",\"https:\/\/www.instagram.com\/biyetex\/\"]}]}<\/script>\n<!-- \/ Yoast SEO plugin. -->","yoast_head_json":{"title":"Glitter Bias Binding Tape Silver | Bias Binding Manufacturer |","description":"Folded and bias tape neatly finishes fabric edges, providing durability and aesthetics, commonly used in garments and textile products.","robots":{"index":"index","follow":"follow","max-snippet":"max-snippet:-1","max-image-preview":"max-image-preview:large","max-video-preview":"max-video-preview:-1"},"canonical":"https:\/\/www.biyetex.com\/en\/urun\/simli-biye-gumus\/","og_locale":"en_US","og_type":"article","og_title":"Glitter Bias Binding Tape Silver | Bias Binding Manufacturer |","og_description":"Folded and bias tape neatly finishes fabric edges, providing durability and aesthetics, commonly used in garments and textile products.","og_url":"https:\/\/www.biyetex.com\/en\/urun\/simli-biye-gumus\/","og_site_name":"Biyetex","article_modified_time":"2025-05-16T14:08:11+00:00","og_image":[{"width":1024,"height":1024,"url":"https:\/\/www.biyetex.com\/wp-content\/uploads\/2025\/01\/66048835835c2-660488358bbf9.jpeg","type":"image\/jpeg"}],"twitter_card":"summary_large_image","twitter_misc":{"Est. reading time":"1 minute"},"schema":{"@context":"https:\/\/schema.org","@graph":[{"@type":"WebPage","@id":"https:\/\/www.biyetex.com\/en\/urun\/simli-biye-gumus\/","url":"https:\/\/www.biyetex.com\/en\/urun\/simli-biye-gumus\/","name":"Glitter Bias Binding Tape Silver | Bias Binding Manufacturer |","isPartOf":{"@id":"https:\/\/www.biyetex.com\/en\/#website"},"primaryImageOfPage":{"@id":"https:\/\/www.biyetex.com\/en\/urun\/simli-biye-gumus\/#primaryimage"},"image":{"@id":"https:\/\/www.biyetex.com\/en\/urun\/simli-biye-gumus\/#primaryimage"},"thumbnailUrl":"https:\/\/www.biyetex.com\/wp-content\/uploads\/2025\/01\/66048835835c2-660488358bbf9.jpeg","datePublished":"2025-05-15T20:40:47+00:00","dateModified":"2025-05-16T14:08:11+00:00","description":"Folded and bias tape neatly finishes fabric edges, providing durability and aesthetics, commonly used in garments and textile products.","breadcrumb":{"@id":"https:\/\/www.biyetex.com\/en\/urun\/simli-biye-gumus\/#breadcrumb"},"inLanguage":"en-US","potentialAction":[{"@type":"ReadAction","target":["https:\/\/www.biyetex.com\/en\/urun\/simli-biye-gumus\/"]}]},{"@type":"ImageObject","inLanguage":"en-US","@id":"https:\/\/www.biyetex.com\/en\/urun\/simli-biye-gumus\/#primaryimage","url":"https:\/\/www.biyetex.com\/wp-content\/uploads\/2025\/01\/66048835835c2-660488358bbf9.jpeg","contentUrl":"https:\/\/www.biyetex.com\/wp-content\/uploads\/2025\/01\/66048835835c2-660488358bbf9.jpeg","width":1024,"height":1024,"caption":"Simli Biye G\u00fcm\u00fc\u015f"},{"@type":"BreadcrumbList","@id":"https:\/\/www.biyetex.com\/en\/urun\/simli-biye-gumus\/#breadcrumb","itemListElement":[{"@type":"ListItem","position":1,"name":"Anasayfa","item":"https:\/\/www.biyetex.com\/en\/"},{"@type":"ListItem","position":2,"name":"Products","item":"https:\/\/www.biyetex.com\/en\/products\/"},{"@type":"ListItem","position":3,"name":"Glitter Bias Binding Tape Silver"}]},{"@type":"WebSite","@id":"https:\/\/www.biyetex.com\/en\/#website","url":"https:\/\/www.biyetex.com\/en\/","name":"Biyetex","description":"Types of Bias Tape from Manufacturing to Public","publisher":{"@id":"https:\/\/www.biyetex.com\/en\/#organization"},"potentialAction":[{"@type":"SearchAction","target":{"@type":"EntryPoint","urlTemplate":"https:\/\/www.biyetex.com\/en\/?s={search_term_string}"},"query-input":{"@type":"PropertyValueSpecification","valueRequired":true,"valueName":"search_term_string"}}],"inLanguage":"en-US"},{"@type":"Organization","@id":"https:\/\/www.biyetex.com\/en\/#organization","name":"Biyetex","alternateName":"Biyeteks","url":"https:\/\/www.biyetex.com\/en\/","logo":{"@type":"ImageObject","inLanguage":"en-US","@id":"https:\/\/www.biyetex.com\/en\/#\/schema\/logo\/image\/","url":"https:\/\/www.biyetex.com\/wp-content\/uploads\/2025\/04\/WhatsApp-Image-2025-04-22-at-23.12.47.jpeg","contentUrl":"https:\/\/www.biyetex.com\/wp-content\/uploads\/2025\/04\/WhatsApp-Image-2025-04-22-at-23.12.47.jpeg","width":2048,"height":2048,"caption":"Biyetex"},"image":{"@id":"https:\/\/www.biyetex.com\/en\/#\/schema\/logo\/image\/"},"sameAs":["https:\/\/tr.pinterest.com\/Biyetex_\/","https:\/\/www.instagram.com\/biyetex\/"]}]}},"_links":{"self":[{"href":"https:\/\/www.biyetex.com\/en\/wp-json\/wp\/v2\/product\/32173","targetHints":{"allow":["GET"]}}],"collection":[{"href":"https:\/\/www.biyetex.com\/en\/wp-json\/wp\/v2\/product"}],"about":[{"href":"https:\/\/www.biyetex.com\/en\/wp-json\/wp\/v2\/types\/product"}],"replies":[{"embeddable":true,"href":"https:\/\/www.biyetex.com\/en\/wp-json\/wp\/v2\/comments?post=32173"}],"version-history":[{"count":4,"href":"https:\/\/www.biyetex.com\/en\/wp-json\/wp\/v2\/product\/32173\/revisions"}],"predecessor-version":[{"id":32818,"href":"https:\/\/www.biyetex.com\/en\/wp-json\/wp\/v2\/product\/32173\/revisions\/32818"}],"wp:featuredmedia":[{"embeddable":true,"href":"https:\/\/www.biyetex.com\/en\/wp-json\/wp\/v2\/media\/27957"}],"wp:attachment":[{"href":"https:\/\/www.biyetex.com\/en\/wp-json\/wp\/v2\/media?parent=32173"}],"wp:term":[{"taxonomy":"product_brand","embeddable":true,"href":"https:\/\/www.biyetex.com\/en\/wp-json\/wp\/v2\/product_brand?post=32173"},{"taxonomy":"product_cat","embeddable":true,"href":"https:\/\/www.biyetex.com\/en\/wp-json\/wp\/v2\/product_cat?post=32173"},{"taxonomy":"product_tag","embeddable":true,"href":"https:\/\/www.biyetex.com\/en\/wp-json\/wp\/v2\/product_tag?post=32173"}],"curies":[{"name":"wp","href":"https:\/\/api.w.org\/{rel}","templated":true}]}}